{"id":7395,"date":"2018-01-12T12:10:12","date_gmt":"2018-01-12T12:10:12","guid":{"rendered":"https:\/\/rannarootsikeskus.ee\/esileht\/"},"modified":"2026-04-20T08:00:03","modified_gmt":"2026-04-20T08:00:03","slug":"esileht","status":"publish","type":"page","link":"https:\/\/rannarootsikeskus.ee\/ru\/","title":{"rendered":"\u0413\u043b\u0430\u0432\u043d\u0430\u044f \u0441\u0442\u0440\u0430\u043d\u0438\u0446\u0430"},"content":{"rendered":"\n<p><\/p>\n\n\n\n<p><\/p>\n\n\n\n<p><\/p>\n\n\n\n<p><\/p>\n\n\n","protected":false},"excerpt":{"rendered":"","protected":false},"author":1,"featured_media":7846,"parent":0,"menu_order":0,"comment_status":"closed","ping_status":"closed","template":"","meta":{"_acf_changed":false,"ngg_post_thumbnail":0,"footnotes":""},"class_list":["post-7395","page","type-page","status-publish","has-post-thumbnail","hentry"],"acf":[],"yoast_head":"<!-- This site is optimized with the Yoast SEO plugin v26.7 - https:\/\/yoast.com\/wordpress\/plugins\/seo\/ -->\n<title>L\u00e4\u00e4nemaalaste m\u00f5nusaim kohtumispaik | Rannarootsi Keskus<\/title>\n<meta name=\"description\" content=\"Rannarootsi keskus asub Haapsalu linna piiril Uuem\u00f5isas, Tallinna mnt. \u00e4\u00e4res. S\u00fcdalinnast vaid 20-minutilise jalutusk\u00e4igu kaugusel.\" \/>\n<meta name=\"robots\" content=\"index, follow, max-snippet:-1, max-image-preview:large, max-video-preview:-1\" \/>\n<link rel=\"canonical\" href=\"https:\/\/rannarootsikeskus.ee\/ru\/\" \/>\n<meta property=\"og:locale\" content=\"ru_RU\" \/>\n<meta property=\"og:type\" content=\"article\" \/>\n<meta property=\"og:title\" content=\"L\u00e4\u00e4nemaalaste m\u00f5nusaim kohtumispaik | Rannarootsi Keskus\" \/>\n<meta property=\"og:description\" content=\"Rannarootsi keskus asub Haapsalu linna piiril Uuem\u00f5isas, Tallinna mnt. \u00e4\u00e4res. S\u00fcdalinnast vaid 20-minutilise jalutusk\u00e4igu kaugusel.\" \/>\n<meta property=\"og:url\" content=\"https:\/\/rannarootsikeskus.ee\/ru\/\" \/>\n<meta property=\"og:site_name\" content=\"Rannarootsi Keskus\" \/>\n<meta property=\"article:publisher\" content=\"https:\/\/www.facebook.com\/Rannarootsi\" \/>\n<meta property=\"article:modified_time\" content=\"2026-04-20T08:00:03+00:00\" \/>\n<meta property=\"og:image\" content=\"https:\/\/rannarootsikeskus.ee\/wp-content\/uploads\/2019\/01\/eettevottest-header.jpg\" \/>\n\t<meta property=\"og:image:width\" content=\"1920\" \/>\n\t<meta property=\"og:image:height\" content=\"960\" \/>\n\t<meta property=\"og:image:type\" content=\"image\/jpeg\" \/>\n<meta name=\"twitter:card\" content=\"summary_large_image\" \/>\n<meta name=\"twitter:label1\" content=\"Est. reading time\" \/>\n\t<meta name=\"twitter:data1\" content=\"1 \u043c\u0438\u043d\u0443\u0442\u0430\" \/>\n<script type=\"application\/ld+json\" class=\"yoast-schema-graph\">{\"@context\":\"https:\/\/schema.org\",\"@graph\":[{\"@type\":\"WebPage\",\"@id\":\"https:\/\/rannarootsikeskus.ee\/ru\/\",\"url\":\"https:\/\/rannarootsikeskus.ee\/ru\/\",\"name\":\"L\u00e4\u00e4nemaalaste m\u00f5nusaim kohtumispaik | Rannarootsi Keskus\",\"isPartOf\":{\"@id\":\"https:\/\/rannarootsikeskus.ee\/#website\"},\"primaryImageOfPage\":{\"@id\":\"https:\/\/rannarootsikeskus.ee\/ru\/#primaryimage\"},\"image\":{\"@id\":\"https:\/\/rannarootsikeskus.ee\/ru\/#primaryimage\"},\"thumbnailUrl\":\"https:\/\/rannarootsikeskus.ee\/wp-content\/uploads\/2019\/01\/eettevottest-header.jpg\",\"datePublished\":\"2018-01-12T12:10:12+00:00\",\"dateModified\":\"2026-04-20T08:00:03+00:00\",\"description\":\"Rannarootsi keskus asub Haapsalu linna piiril Uuem\u00f5isas, Tallinna mnt. \u00e4\u00e4res. S\u00fcdalinnast vaid 20-minutilise jalutusk\u00e4igu kaugusel.\",\"breadcrumb\":{\"@id\":\"https:\/\/rannarootsikeskus.ee\/ru\/#breadcrumb\"},\"inLanguage\":\"ru-RU\",\"potentialAction\":[{\"@type\":\"ReadAction\",\"target\":[\"https:\/\/rannarootsikeskus.ee\/ru\/\"]}]},{\"@type\":\"ImageObject\",\"inLanguage\":\"ru-RU\",\"@id\":\"https:\/\/rannarootsikeskus.ee\/ru\/#primaryimage\",\"url\":\"https:\/\/rannarootsikeskus.ee\/wp-content\/uploads\/2019\/01\/eettevottest-header.jpg\",\"contentUrl\":\"https:\/\/rannarootsikeskus.ee\/wp-content\/uploads\/2019\/01\/eettevottest-header.jpg\",\"width\":1920,\"height\":960},{\"@type\":\"BreadcrumbList\",\"@id\":\"https:\/\/rannarootsikeskus.ee\/ru\/#breadcrumb\",\"itemListElement\":[{\"@type\":\"ListItem\",\"position\":1,\"name\":\"Avaleht\",\"item\":\"https:\/\/rannarootsikeskus.ee\/ru\/\"},{\"@type\":\"ListItem\",\"position\":2,\"name\":\"\u0413\u043b\u0430\u0432\u043d\u0430\u044f \u0441\u0442\u0440\u0430\u043d\u0438\u0446\u0430\"}]},{\"@type\":\"WebSite\",\"@id\":\"https:\/\/rannarootsikeskus.ee\/#website\",\"url\":\"https:\/\/rannarootsikeskus.ee\/\",\"name\":\"Rannarootsi Keskus\",\"description\":\"Rannarootsi Keskus\",\"publisher\":{\"@id\":\"https:\/\/rannarootsikeskus.ee\/#organization\"},\"potentialAction\":[{\"@type\":\"SearchAction\",\"target\":{\"@type\":\"EntryPoint\",\"urlTemplate\":\"https:\/\/rannarootsikeskus.ee\/?s={search_term_string}\"},\"query-input\":{\"@type\":\"PropertyValueSpecification\",\"valueRequired\":true,\"valueName\":\"search_term_string\"}}],\"inLanguage\":\"ru-RU\"},{\"@type\":\"Organization\",\"@id\":\"https:\/\/rannarootsikeskus.ee\/#organization\",\"name\":\"Rannarootsi Keskus\",\"url\":\"https:\/\/rannarootsikeskus.ee\/\",\"logo\":{\"@type\":\"ImageObject\",\"inLanguage\":\"ru-RU\",\"@id\":\"https:\/\/rannarootsikeskus.ee\/#\/schema\/logo\/image\/\",\"url\":\"https:\/\/rannarootsikeskus.ee\/wp-content\/uploads\/2014\/07\/Rannarootsi_kompaktlogo_RGB_300dpi.jpg\",\"contentUrl\":\"https:\/\/rannarootsikeskus.ee\/wp-content\/uploads\/2014\/07\/Rannarootsi_kompaktlogo_RGB_300dpi.jpg\",\"width\":1063,\"height\":472,\"caption\":\"Rannarootsi Keskus\"},\"image\":{\"@id\":\"https:\/\/rannarootsikeskus.ee\/#\/schema\/logo\/image\/\"},\"sameAs\":[\"https:\/\/www.facebook.com\/Rannarootsi\"]}]}<\/script>\n<!-- \/ Yoast SEO plugin. -->","yoast_head_json":{"title":"L\u00e4\u00e4nemaalaste m\u00f5nusaim kohtumispaik | Rannarootsi Keskus","description":"Rannarootsi keskus asub Haapsalu linna piiril Uuem\u00f5isas, Tallinna mnt. \u00e4\u00e4res. S\u00fcdalinnast vaid 20-minutilise jalutusk\u00e4igu kaugusel.","robots":{"index":"index","follow":"follow","max-snippet":"max-snippet:-1","max-image-preview":"max-image-preview:large","max-video-preview":"max-video-preview:-1"},"canonical":"https:\/\/rannarootsikeskus.ee\/ru\/","og_locale":"ru_RU","og_type":"article","og_title":"L\u00e4\u00e4nemaalaste m\u00f5nusaim kohtumispaik | Rannarootsi Keskus","og_description":"Rannarootsi keskus asub Haapsalu linna piiril Uuem\u00f5isas, Tallinna mnt. \u00e4\u00e4res. S\u00fcdalinnast vaid 20-minutilise jalutusk\u00e4igu kaugusel.","og_url":"https:\/\/rannarootsikeskus.ee\/ru\/","og_site_name":"Rannarootsi Keskus","article_publisher":"https:\/\/www.facebook.com\/Rannarootsi","article_modified_time":"2026-04-20T08:00:03+00:00","og_image":[{"width":1920,"height":960,"url":"https:\/\/rannarootsikeskus.ee\/wp-content\/uploads\/2019\/01\/eettevottest-header.jpg","type":"image\/jpeg"}],"twitter_card":"summary_large_image","twitter_misc":{"Est. reading time":"1 \u043c\u0438\u043d\u0443\u0442\u0430"},"schema":{"@context":"https:\/\/schema.org","@graph":[{"@type":"WebPage","@id":"https:\/\/rannarootsikeskus.ee\/ru\/","url":"https:\/\/rannarootsikeskus.ee\/ru\/","name":"L\u00e4\u00e4nemaalaste m\u00f5nusaim kohtumispaik | Rannarootsi Keskus","isPartOf":{"@id":"https:\/\/rannarootsikeskus.ee\/#website"},"primaryImageOfPage":{"@id":"https:\/\/rannarootsikeskus.ee\/ru\/#primaryimage"},"image":{"@id":"https:\/\/rannarootsikeskus.ee\/ru\/#primaryimage"},"thumbnailUrl":"https:\/\/rannarootsikeskus.ee\/wp-content\/uploads\/2019\/01\/eettevottest-header.jpg","datePublished":"2018-01-12T12:10:12+00:00","dateModified":"2026-04-20T08:00:03+00:00","description":"Rannarootsi keskus asub Haapsalu linna piiril Uuem\u00f5isas, Tallinna mnt. \u00e4\u00e4res. S\u00fcdalinnast vaid 20-minutilise jalutusk\u00e4igu kaugusel.","breadcrumb":{"@id":"https:\/\/rannarootsikeskus.ee\/ru\/#breadcrumb"},"inLanguage":"ru-RU","potentialAction":[{"@type":"ReadAction","target":["https:\/\/rannarootsikeskus.ee\/ru\/"]}]},{"@type":"ImageObject","inLanguage":"ru-RU","@id":"https:\/\/rannarootsikeskus.ee\/ru\/#primaryimage","url":"https:\/\/rannarootsikeskus.ee\/wp-content\/uploads\/2019\/01\/eettevottest-header.jpg","contentUrl":"https:\/\/rannarootsikeskus.ee\/wp-content\/uploads\/2019\/01\/eettevottest-header.jpg","width":1920,"height":960},{"@type":"BreadcrumbList","@id":"https:\/\/rannarootsikeskus.ee\/ru\/#breadcrumb","itemListElement":[{"@type":"ListItem","position":1,"name":"Avaleht","item":"https:\/\/rannarootsikeskus.ee\/ru\/"},{"@type":"ListItem","position":2,"name":"\u0413\u043b\u0430\u0432\u043d\u0430\u044f \u0441\u0442\u0440\u0430\u043d\u0438\u0446\u0430"}]},{"@type":"WebSite","@id":"https:\/\/rannarootsikeskus.ee\/#website","url":"https:\/\/rannarootsikeskus.ee\/","name":"Rannarootsi Keskus","description":"Rannarootsi Keskus","publisher":{"@id":"https:\/\/rannarootsikeskus.ee\/#organization"},"potentialAction":[{"@type":"SearchAction","target":{"@type":"EntryPoint","urlTemplate":"https:\/\/rannarootsikeskus.ee\/?s={search_term_string}"},"query-input":{"@type":"PropertyValueSpecification","valueRequired":true,"valueName":"search_term_string"}}],"inLanguage":"ru-RU"},{"@type":"Organization","@id":"https:\/\/rannarootsikeskus.ee\/#organization","name":"Rannarootsi Keskus","url":"https:\/\/rannarootsikeskus.ee\/","logo":{"@type":"ImageObject","inLanguage":"ru-RU","@id":"https:\/\/rannarootsikeskus.ee\/#\/schema\/logo\/image\/","url":"https:\/\/rannarootsikeskus.ee\/wp-content\/uploads\/2014\/07\/Rannarootsi_kompaktlogo_RGB_300dpi.jpg","contentUrl":"https:\/\/rannarootsikeskus.ee\/wp-content\/uploads\/2014\/07\/Rannarootsi_kompaktlogo_RGB_300dpi.jpg","width":1063,"height":472,"caption":"Rannarootsi Keskus"},"image":{"@id":"https:\/\/rannarootsikeskus.ee\/#\/schema\/logo\/image\/"},"sameAs":["https:\/\/www.facebook.com\/Rannarootsi"]}]}},"_links":{"self":[{"href":"https:\/\/rannarootsikeskus.ee\/ru\/wp-json\/wp\/v2\/pages\/7395","targetHints":{"allow":["GET"]}}],"collection":[{"href":"https:\/\/rannarootsikeskus.ee\/ru\/wp-json\/wp\/v2\/pages"}],"about":[{"href":"https:\/\/rannarootsikeskus.ee\/ru\/wp-json\/wp\/v2\/types\/page"}],"author":[{"embeddable":true,"href":"https:\/\/rannarootsikeskus.ee\/ru\/wp-json\/wp\/v2\/users\/1"}],"replies":[{"embeddable":true,"href":"https:\/\/rannarootsikeskus.ee\/ru\/wp-json\/wp\/v2\/comments?post=7395"}],"version-history":[{"count":68,"href":"https:\/\/rannarootsikeskus.ee\/ru\/wp-json\/wp\/v2\/pages\/7395\/revisions"}],"predecessor-version":[{"id":14659,"href":"https:\/\/rannarootsikeskus.ee\/ru\/wp-json\/wp\/v2\/pages\/7395\/revisions\/14659"}],"wp:featuredmedia":[{"embeddable":true,"href":"https:\/\/rannarootsikeskus.ee\/ru\/wp-json\/wp\/v2\/media\/7846"}],"wp:attachment":[{"href":"https:\/\/rannarootsikeskus.ee\/ru\/wp-json\/wp\/v2\/media?parent=7395"}],"curies":[{"name":"wp","href":"https:\/\/api.w.org\/{rel}","templated":true}]}}