{"id":7435,"date":"2018-01-12T12:10:32","date_gmt":"2018-01-12T12:10:32","guid":{"rendered":"https:\/\/rannarootsikeskus.ee\/kauplused\/"},"modified":"2026-01-16T16:55:14","modified_gmt":"2026-01-16T16:55:14","slug":"kauplused","status":"publish","type":"page","link":"https:\/\/rannarootsikeskus.ee\/ru\/kauplused\/","title":{"rendered":"\u041c\u0430\u0433\u0430\u0437\u0438\u043d\u044b"},"content":{"rendered":"<mapplic-map id=\"mapplic-8083\" data-json=\"{&quot;minimap&quot;:false,&quot;clearbutton&quot;:true,&quot;zoombuttons&quot;:false,&quot;sidebar&quot;:true,&quot;search&quot;:false,&quot;hovertip&quot;:true,&quot;mousewheel&quot;:false,&quot;fullscreen&quot;:false,&quot;deeplinking&quot;:true,&quot;mapfill&quot;:false,&quot;zoom&quot;:true,&quot;alphabetic&quot;:false,&quot;zoomlimit&quot;:&quot;1&quot;,&quot;action&quot;:&quot;tooltip&quot;,&quot;categories&quot;:[{&quot;id&quot;:&quot;#elustiil&quot;,&quot;title&quot;:&quot;\u041e\u0434\u0435\u0436\u0434\u0430, \u043e\u0431\u0443\u0432\u044c \u0438 \u0441\u0443\u043c\u043a\u0438&quot;,&quot;show&quot;:&quot;false&quot;},{&quot;id&quot;:&quot;#ilu&quot;,&quot;title&quot;:&quot;\u0422\u043e\u0432\u0430\u0440\u044b \u0434\u043b\u044f \u043a\u0440\u0430\u0441\u043e\u0442\u044b \u0438 \u0437\u0434\u043e\u0440\u043e\u0432\u044c\u044f&quot;,&quot;show&quot;:&quot;false&quot;},{&quot;id&quot;:&quot;#ehted-lilled&quot;,&quot;title&quot;:&quot;\u0423\u043a\u0440\u0430\u0448\u0435\u043d\u0438\u044f, \u043f\u043e\u0434\u0430\u0440\u043a\u0438 \u0438 \u0446\u0432\u0435\u0442\u044b&quot;,&quot;show&quot;:&quot;false&quot;},{&quot;id&quot;:&quot;#sisustuskaubad&quot;,&quot;title&quot;:&quot;\u0422\u043e\u0432\u0430\u0440\u044b \u0434\u043b\u044f \u0434\u043e\u043c\u0430, \u0438\u043d\u0442\u0435\u0440\u044c\u0435\u0440\u0430 \u0438 \u043e\u0444\u0438\u0441\u0430&quot;,&quot;show&quot;:&quot;false&quot;},{&quot;id&quot;:&quot;#teenused&quot;,&quot;title&quot;:&quot;\u0423\u0441\u043b\u0443\u0433\u0438&quot;,&quot;show&quot;:&quot;false&quot;},{&quot;id&quot;:&quot;#toitlustus&quot;,&quot;title&quot;:&quot;\u041f\u0438\u0442\u0430\u043d\u0438\u0435&quot;,&quot;show&quot;:&quot;false&quot;},{&quot;id&quot;:&quot;#toit&quot;,&quot;title&quot;:&quot;\u041f\u0440\u043e\u0434\u0443\u043a\u0442\u043e\u0432\u044b\u0435 \u0442\u043e\u0432\u0430\u0440\u044b&quot;,&quot;show&quot;:&quot;false&quot;},{&quot;id&quot;:&quot;#vabaaeg&quot;,&quot;title&quot;:&quot;\u0422\u043e\u0432\u0430\u0440\u044b \u0434\u043b\u044f \u0441\u043f\u043e\u0440\u0442\u0430 \u0438 \u0434\u043e\u0441\u0443\u0433\u0430&quot;,&quot;show&quot;:&quot;false&quot;},{&quot;id&quot;:&quot;#vaba-pind&quot;,&quot;title&quot;:&quot;\u0421\u0432\u043e\u0431\u043e\u0434\u043d\u043e\u0435 \u043c\u0435\u0441\u0442\u043e&quot;,&quot;show&quot;:&quot;false&quot;}],&quot;maxscale&quot;:1,&quot;zoomoutclose&quot;:true,&quot;fillcolor&quot;:&quot;#ffffff&quot;,&quot;layers&quot;:[{&quot;id&quot;:&quot;my-map&quot;,&quot;file&quot;:&quot;https:\/\/rannarootsikeskus.ee\/wp-content\/uploads\/2020\/05\/map-mai-2020-2-01-3.svg&quot;,&quot;name&quot;:&quot;Maja kaart&quot;}],&quot;settings&quot;:{&quot;mapWidth&quot;:&quot;1200&quot;,&quot;mapHeight&quot;:&quot;587&quot;,&quot;resetButton&quot;:&quot;bottom-right&quot;,&quot;zoomButtons&quot;:&quot;bottom-right&quot;,&quot;layerSwitcher&quot;:&quot;top-right&quot;,&quot;zoom&quot;:true,&quot;maxZoom&quot;:3,&quot;hoverTooltip&quot;:true,&quot;deeplinking&quot;:[&quot;location&quot;],&quot;sidebar&quot;:true,&quot;ordered&quot;:false,&quot;thumbnails&quot;:false,&quot;toggleSidebar&quot;:false,&quot;filters&quot;:false,&quot;groupBy&quot;:&quot;groups&quot;},&quot;breakpoints&quot;:[{&quot;container&quot;:600,&quot;below&quot;:9000,&quot;name&quot;:&quot;all-screens&quot;},{&quot;portrait&quot;:true,&quot;name&quot;:&quot;mobile&quot;,&quot;below&quot;:480}],&quot;locations&quot;:[{&quot;layer&quot;:&quot;my-map&quot;,&quot;id&quot;:&quot;room_1&quot;,&quot;title&quot;:&quot;Benu Apteek&quot;,&quot;pin&quot;:&quot;hidden&quot;,&quot;category&quot;:&quot;#ilu&quot;,&quot;action&quot;:&quot;default&quot;,&quot;coord&quot;:[0.7806,0.7243],&quot;color&quot;:&quot;#d9521d&quot;,&quot;type&quot;:&quot;hidden&quot;,&quot;group&quot;:[&quot;group5&quot;]},{&quot;layer&quot;:&quot;my-map&quot;,&quot;id&quot;:&quot;room_2&quot;,&quot;title&quot;:&quot;Instrumentarium&quot;,&quot;pin&quot;:&quot;hidden&quot;,&quot;category&quot;:&quot;#ilu&quot;,&quot;action&quot;:&quot;default&quot;,&quot;coord&quot;:[0.7432,0.688],&quot;color&quot;:&quot;#d9521d&quot;,&quot;type&quot;:&quot;hidden&quot;,&quot;group&quot;:[&quot;group5&quot;]},{&quot;layer&quot;:&quot;my-map&quot;,&quot;id&quot;:&quot;room_3&quot;,&quot;title&quot;:&quot;Humana&quot;,&quot;pin&quot;:&quot;hidden&quot;,&quot;category&quot;:&quot;#elustiil&quot;,&quot;action&quot;:&quot;default&quot;,&quot;coord&quot;:[0.7412,0.921],&quot;color&quot;:&quot;#d9521d&quot;,&quot;type&quot;:&quot;hidden&quot;,&quot;group&quot;:[&quot;group3&quot;]},{&quot;layer&quot;:&quot;my-map&quot;,&quot;id&quot;:&quot;room_6&quot;,&quot;title&quot;:&quot;Takko&quot;,&quot;pin&quot;:&quot;hidden&quot;,&quot;category&quot;:&quot;#elustiil&quot;,&quot;action&quot;:&quot;default&quot;,&quot;coord&quot;:[0.6376,0.7887],&quot;color&quot;:&quot;#d9521d&quot;,&quot;type&quot;:&quot;hidden&quot;,&quot;group&quot;:[&quot;group3&quot;]},{&quot;layer&quot;:&quot;my-map&quot;,&quot;id&quot;:&quot;room_10&quot;,&quot;title&quot;:&quot;\u0421\u0432\u043e\u0431\u043e\u0434\u043d\u043e\u0435 \u043c\u0435\u0441\u0442\u043e&quot;,&quot;pin&quot;:&quot;hidden&quot;,&quot;category&quot;:&quot;#vaba-pind&quot;,&quot;action&quot;:&quot;default&quot;,&quot;coord&quot;:[0.5541,0.7828],&quot;color&quot;:&quot;#d9521d&quot;,&quot;type&quot;:&quot;hidden&quot;,&quot;group&quot;:[&quot;group7&quot;]},{&quot;layer&quot;:&quot;my-map&quot;,&quot;id&quot;:&quot;room_12&quot;,&quot;title&quot;:&quot;\u0421\u0432\u043e\u0431\u043e\u0434\u043d\u043e\u0435 \u043c\u0435\u0441\u0442\u043e&quot;,&quot;pin&quot;:&quot;hidden&quot;,&quot;category&quot;:&quot;#vaba-pind&quot;,&quot;action&quot;:&quot;default&quot;,&quot;coord&quot;:[0.4668,0.8275],&quot;color&quot;:&quot;#d9521d&quot;,&quot;type&quot;:&quot;hidden&quot;,&quot;group&quot;:[&quot;group7&quot;]},{&quot;layer&quot;:&quot;my-map&quot;,&quot;id&quot;:&quot;room_13&quot;,&quot;title&quot;:&quot;Kika lemmikloomakauplus&quot;,&quot;pin&quot;:&quot;hidden&quot;,&quot;category&quot;:&quot;#vabaaeg&quot;,&quot;action&quot;:&quot;tooltip&quot;,&quot;coord&quot;:[0.4366,0.7277],&quot;color&quot;:&quot;#D9521D&quot;,&quot;type&quot;:&quot;hidden&quot;,&quot;group&quot;:[&quot;group4&quot;]},{&quot;layer&quot;:&quot;my-map&quot;,&quot;id&quot;:&quot;room_15_1_&quot;,&quot;title&quot;:&quot;JYSK&quot;,&quot;pin&quot;:&quot;hidden&quot;,&quot;category&quot;:&quot;#sisustuskaubad&quot;,&quot;action&quot;:&quot;default&quot;,&quot;coord&quot;:[0.2595,0.3393],&quot;color&quot;:&quot;#d9521d&quot;,&quot;type&quot;:&quot;hidden&quot;,&quot;group&quot;:[&quot;group2&quot;,&quot;group4&quot;]},{&quot;layer&quot;:&quot;my-map&quot;,&quot;id&quot;:&quot;room_14_0_&quot;,&quot;title&quot;:&quot;Caf&eacute; Tallinn&quot;,&quot;pin&quot;:&quot;hidden&quot;,&quot;category&quot;:&quot;#toitlustus&quot;,&quot;action&quot;:&quot;default&quot;,&quot;coord&quot;:[0.1449,0.7152],&quot;color&quot;:&quot;#d9521d&quot;,&quot;type&quot;:&quot;hidden&quot;,&quot;group&quot;:[&quot;group6&quot;]},{&quot;layer&quot;:&quot;my-map&quot;,&quot;id&quot;:&quot;room_14_1_&quot;,&quot;title&quot;:&quot;Pizza Grande&quot;,&quot;pin&quot;:&quot;hidden&quot;,&quot;category&quot;:&quot;#toitlustus&quot;,&quot;action&quot;:&quot;default&quot;,&quot;coord&quot;:[0.151,0.4118],&quot;color&quot;:&quot;#d9521d&quot;,&quot;type&quot;:&quot;hidden&quot;,&quot;group&quot;:[&quot;group6&quot;]},{&quot;layer&quot;:&quot;my-map&quot;,&quot;id&quot;:&quot;room_11&quot;,&quot;title&quot;:&quot;\u0421\u0432\u043e\u0431\u043e\u0434\u043d\u043e\u0435 \u043c\u0435\u0441\u0442\u043e&quot;,&quot;pin&quot;:&quot;hidden&quot;,&quot;category&quot;:&quot;#vaba-pind&quot;,&quot;action&quot;:&quot;default&quot;,&quot;coord&quot;:[0.5095,0.7828],&quot;color&quot;:&quot;#d9521d&quot;,&quot;type&quot;:&quot;hidden&quot;,&quot;group&quot;:[&quot;group7&quot;]},{&quot;layer&quot;:&quot;my-map&quot;,&quot;id&quot;:&quot;room_25&quot;,&quot;title&quot;:&quot;Rademar&quot;,&quot;pin&quot;:&quot;hidden&quot;,&quot;category&quot;:&quot;#elustiil&quot;,&quot;action&quot;:&quot;default&quot;,&quot;coord&quot;:[0.4096,0.4095],&quot;color&quot;:&quot;#D9521D&quot;,&quot;type&quot;:&quot;hidden&quot;,&quot;group&quot;:[&quot;group3&quot;]},{&quot;layer&quot;:&quot;my-map&quot;,&quot;id&quot;:&quot;room_26&quot;,&quot;title&quot;:&quot;Goldtime&quot;,&quot;pin&quot;:&quot;hidden&quot;,&quot;category&quot;:&quot;#ilu&quot;,&quot;action&quot;:&quot;default&quot;,&quot;coord&quot;:[0.3995,0.5051],&quot;color&quot;:&quot;#D9521D&quot;,&quot;type&quot;:&quot;hidden&quot;,&quot;group&quot;:[&quot;group5&quot;]},{&quot;layer&quot;:&quot;my-map&quot;,&quot;id&quot;:&quot;room_29&quot;,&quot;title&quot;:&quot;Reisimarket&quot;,&quot;pin&quot;:&quot;hidden&quot;,&quot;category&quot;:&quot;#elustiil&quot;,&quot;action&quot;:&quot;default&quot;,&quot;hide&quot;:&quot;true&quot;,&quot;coord&quot;:[0.4689,0.4918],&quot;color&quot;:&quot;#d9521d&quot;,&quot;type&quot;:&quot;hidden&quot;,&quot;group&quot;:[&quot;group3&quot;]},{&quot;layer&quot;:&quot;my-map&quot;,&quot;id&quot;:&quot;room_32&quot;,&quot;title&quot;:&quot;Selver&quot;,&quot;pin&quot;:&quot;hidden&quot;,&quot;category&quot;:&quot;#toitlustus&quot;,&quot;action&quot;:&quot;default&quot;,&quot;coord&quot;:[0.6895,0.3663],&quot;color&quot;:&quot;#D9521D&quot;,&quot;type&quot;:&quot;hidden&quot;,&quot;group&quot;:[&quot;group6&quot;]},{&quot;layer&quot;:&quot;my-map&quot;,&quot;id&quot;:&quot;room_ll&quot;,&quot;title&quot;:&quot;Lillerand&quot;,&quot;pin&quot;:&quot;hidden&quot;,&quot;category&quot;:&quot;#teenused&quot;,&quot;action&quot;:&quot;default&quot;,&quot;coord&quot;:[0.8826,0.5824],&quot;color&quot;:&quot;#d9521d&quot;,&quot;type&quot;:&quot;hidden&quot;,&quot;group&quot;:[&quot;group1&quot;]},{&quot;layer&quot;:&quot;my-map&quot;,&quot;id&quot;:&quot;room_34&quot;,&quot;title&quot;:&quot;iFix&quot;,&quot;pin&quot;:&quot;hidden&quot;,&quot;category&quot;:&quot;#teenused&quot;,&quot;action&quot;:&quot;default&quot;,&quot;coord&quot;:[0.8848,0.6634],&quot;color&quot;:&quot;#d9521d&quot;,&quot;type&quot;:&quot;hidden&quot;,&quot;group&quot;:[&quot;group1&quot;]},{&quot;layer&quot;:&quot;my-map&quot;,&quot;id&quot;:&quot;room_35&quot;,&quot;pin&quot;:&quot;hidden&quot;,&quot;category&quot;:&quot;#toit&quot;,&quot;action&quot;:&quot;default&quot;,&quot;coord&quot;:[0.87,0.7414],&quot;color&quot;:&quot;#d9521d&quot;,&quot;type&quot;:&quot;hidden&quot;,&quot;group&quot;:[&quot;group6&quot;],&quot;title&quot;:&quot;Talust Lauale&quot;},{&quot;layer&quot;:&quot;my-map&quot;,&quot;id&quot;:&quot;envelop&quot;,&quot;title&quot;:&quot;Smartpost&quot;,&quot;pin&quot;:&quot;hidden&quot;,&quot;category&quot;:&quot;#teenused&quot;,&quot;action&quot;:&quot;default&quot;,&quot;coord&quot;:[0.5325,0.5769],&quot;color&quot;:&quot;#d9521d&quot;,&quot;type&quot;:&quot;hidden&quot;,&quot;group&quot;:[&quot;group1&quot;]},{&quot;layer&quot;:&quot;my-map&quot;,&quot;id&quot;:&quot;lastekas&quot;,&quot;title&quot;:&quot;\u0414\u0435\u0442\u0441\u043a\u0438\u0439 \u0443\u0433\u043e\u043b\u043e\u043a&quot;,&quot;pin&quot;:&quot;hidden&quot;,&quot;category&quot;:&quot;#teenused&quot;,&quot;action&quot;:&quot;default&quot;,&quot;coord&quot;:[0.1945,0.4309],&quot;color&quot;:&quot;#d9521d&quot;,&quot;type&quot;:&quot;hidden&quot;,&quot;group&quot;:[&quot;group1&quot;]},{&quot;layer&quot;:&quot;my-map&quot;,&quot;id&quot;:&quot;room_0&quot;,&quot;title&quot;:&quot;PEPCO&quot;,&quot;pin&quot;:&quot;hidden&quot;,&quot;category&quot;:&quot;#elustiil&quot;,&quot;action&quot;:&quot;default&quot;,&quot;coord&quot;:[0.3204,0.7099],&quot;color&quot;:&quot;#d9521d&quot;,&quot;type&quot;:&quot;hidden&quot;,&quot;group&quot;:[&quot;group3&quot;]},{&quot;layer&quot;:&quot;my-map&quot;,&quot;id&quot;:&quot;room_5&quot;,&quot;title&quot;:&quot;Vapista&quot;,&quot;pin&quot;:&quot;hidden&quot;,&quot;category&quot;:&quot;#vabaaeg&quot;,&quot;action&quot;:&quot;default&quot;,&quot;coord&quot;:[0.7097,0.701],&quot;color&quot;:&quot;#d9521d&quot;,&quot;type&quot;:&quot;hidden&quot;,&quot;group&quot;:[&quot;group4&quot;]},{&quot;layer&quot;:&quot;my-map&quot;,&quot;id&quot;:&quot;room_27&quot;,&quot;title&quot;:&quot;Stuudiom&ouml;&ouml;bel&quot;,&quot;pin&quot;:&quot;hidden&quot;,&quot;category&quot;:&quot;#sisustuskaubad&quot;,&quot;action&quot;:&quot;default&quot;,&quot;coord&quot;:[0.4364,0.5079],&quot;color&quot;:&quot;#d9521d&quot;,&quot;type&quot;:&quot;hidden&quot;,&quot;group&quot;:[&quot;group2&quot;]}],&quot;samples&quot;:[{&quot;id&quot;:&quot;def&quot;,&quot;title&quot;:&quot;Default&quot;,&quot;group&quot;:[]}],&quot;groups&quot;:[{&quot;name&quot;:&quot;group6&quot;,&quot;title&quot;:&quot;\u0415\u0434\u0430&quot;,&quot;color&quot;:&quot;#00cada&quot;},{&quot;name&quot;:&quot;group5&quot;,&quot;title&quot;:&quot;\u041a\u0440\u0430\u0441\u043e\u0442\u0430 \u0438 \u0437\u0434\u043e\u0440\u043e\u0432\u044c\u0435&quot;,&quot;color&quot;:&quot;#119a00&quot;},{&quot;name&quot;:&quot;group4&quot;,&quot;title&quot;:&quot;\u0421\u0432\u043e\u0431\u043e\u0434\u043d\u043e\u0435 \u0432\u0440\u0435\u043c\u044f \/ \u0414\u0440\u0443\u0433\u043e\u0435&quot;,&quot;color&quot;:&quot;#001bff&quot;},{&quot;name&quot;:&quot;group3&quot;,&quot;title&quot;:&quot;\u0421\u0442\u0438\u043b\u044c \u0436\u0438\u0437\u043d\u0438&quot;,&quot;color&quot;:&quot;#f70000&quot;},{&quot;name&quot;:&quot;group2&quot;,&quot;title&quot;:&quot;\u0422\u043e\u0432\u0430\u0440\u044b \u0434\u043b\u044f \u0438\u043d\u0442\u0435\u0440\u044c\u0435\u0440\u0430&quot;,&quot;color&quot;:&quot;#9f00b9&quot;},{&quot;name&quot;:&quot;group1&quot;,&quot;title&quot;:&quot;\u0423\u0441\u043b\u0443\u0433\u0438&quot;,&quot;color&quot;:&quot;#ffd100&quot;},{&quot;name&quot;:&quot;group7&quot;,&quot;title&quot;:&quot;\u0421\u0432\u043e\u0431\u043e\u0434\u043d\u044b\u0435 \u043c\u0435\u0441\u0442\u0430&quot;,&quot;color&quot;:&quot;#000000&quot;}]}\" data-path=\"https:\/\/rannarootsikeskus.ee\/wp-content\/plugins\/mapplic-wp\/\/core\/\"><\/mapplic-map>\n","protected":false},"excerpt":{"rendered":"","protected":false},"author":1,"featured_media":7437,"parent":0,"menu_order":0,"comment_status":"closed","ping_status":"closed","template":"kauplused.php","meta":{"_acf_changed":false,"ngg_post_thumbnail":0,"footnotes":""},"class_list":["post-7435","page","type-page","status-publish","has-post-thumbnail","hentry"],"acf":[],"yoast_head":"<!-- This site is optimized with the Yoast SEO plugin v26.7 - https:\/\/yoast.com\/wordpress\/plugins\/seo\/ -->\n<title>L\u00e4\u00e4nemaalaste m\u00f5nusaim kohtumispaik | Rannarootsi Keskus<\/title>\n<meta name=\"description\" content=\"Rannarootsi keskus asub Haapsalu linna piiril Uuem\u00f5isas, Tallinna mnt. \u00e4\u00e4res. S\u00fcdalinnast vaid 20-minutilise jalutusk\u00e4igu kaugusel.\" \/>\n<meta name=\"robots\" content=\"index, follow, max-snippet:-1, max-image-preview:large, max-video-preview:-1\" \/>\n<link rel=\"canonical\" href=\"https:\/\/rannarootsikeskus.ee\/ru\/kauplused\/\" \/>\n<meta property=\"og:locale\" content=\"ru_RU\" \/>\n<meta property=\"og:type\" content=\"article\" \/>\n<meta property=\"og:title\" content=\"L\u00e4\u00e4nemaalaste m\u00f5nusaim kohtumispaik | Rannarootsi Keskus\" \/>\n<meta property=\"og:description\" content=\"Rannarootsi keskus asub Haapsalu linna piiril Uuem\u00f5isas, Tallinna mnt. \u00e4\u00e4res. S\u00fcdalinnast vaid 20-minutilise jalutusk\u00e4igu kaugusel.\" \/>\n<meta property=\"og:url\" content=\"https:\/\/rannarootsikeskus.ee\/ru\/kauplused\/\" \/>\n<meta property=\"og:site_name\" content=\"Rannarootsi Keskus\" \/>\n<meta property=\"article:publisher\" content=\"https:\/\/www.facebook.com\/Rannarootsi\" \/>\n<meta property=\"article:modified_time\" content=\"2026-01-16T16:55:14+00:00\" \/>\n<meta property=\"og:image\" content=\"https:\/\/rannarootsikeskus.ee\/wp-content\/uploads\/2018\/04\/kauplused-headerrannarootsi.jpg\" \/>\n\t<meta property=\"og:image:width\" content=\"1200\" \/>\n\t<meta property=\"og:image:height\" content=\"450\" \/>\n\t<meta property=\"og:image:type\" content=\"image\/jpeg\" \/>\n<meta name=\"twitter:card\" content=\"summary_large_image\" \/>\n<meta name=\"twitter:label1\" content=\"Est. reading time\" \/>\n\t<meta name=\"twitter:data1\" content=\"1 \u043c\u0438\u043d\u0443\u0442\u0430\" \/>\n<script type=\"application\/ld+json\" class=\"yoast-schema-graph\">{\"@context\":\"https:\/\/schema.org\",\"@graph\":[{\"@type\":\"WebPage\",\"@id\":\"https:\/\/rannarootsikeskus.ee\/ru\/kauplused\/\",\"url\":\"https:\/\/rannarootsikeskus.ee\/ru\/kauplused\/\",\"name\":\"L\u00e4\u00e4nemaalaste m\u00f5nusaim kohtumispaik | Rannarootsi Keskus\",\"isPartOf\":{\"@id\":\"https:\/\/rannarootsikeskus.ee\/#website\"},\"primaryImageOfPage\":{\"@id\":\"https:\/\/rannarootsikeskus.ee\/ru\/kauplused\/#primaryimage\"},\"image\":{\"@id\":\"https:\/\/rannarootsikeskus.ee\/ru\/kauplused\/#primaryimage\"},\"thumbnailUrl\":\"https:\/\/rannarootsikeskus.ee\/wp-content\/uploads\/2018\/04\/kauplused-headerrannarootsi.jpg\",\"datePublished\":\"2018-01-12T12:10:32+00:00\",\"dateModified\":\"2026-01-16T16:55:14+00:00\",\"description\":\"Rannarootsi keskus asub Haapsalu linna piiril Uuem\u00f5isas, Tallinna mnt. \u00e4\u00e4res. S\u00fcdalinnast vaid 20-minutilise jalutusk\u00e4igu kaugusel.\",\"breadcrumb\":{\"@id\":\"https:\/\/rannarootsikeskus.ee\/ru\/kauplused\/#breadcrumb\"},\"inLanguage\":\"ru-RU\",\"potentialAction\":[{\"@type\":\"ReadAction\",\"target\":[\"https:\/\/rannarootsikeskus.ee\/ru\/kauplused\/\"]}]},{\"@type\":\"ImageObject\",\"inLanguage\":\"ru-RU\",\"@id\":\"https:\/\/rannarootsikeskus.ee\/ru\/kauplused\/#primaryimage\",\"url\":\"https:\/\/rannarootsikeskus.ee\/wp-content\/uploads\/2018\/04\/kauplused-headerrannarootsi.jpg\",\"contentUrl\":\"https:\/\/rannarootsikeskus.ee\/wp-content\/uploads\/2018\/04\/kauplused-headerrannarootsi.jpg\",\"width\":1200,\"height\":450},{\"@type\":\"BreadcrumbList\",\"@id\":\"https:\/\/rannarootsikeskus.ee\/ru\/kauplused\/#breadcrumb\",\"itemListElement\":[{\"@type\":\"ListItem\",\"position\":1,\"name\":\"Avaleht\",\"item\":\"https:\/\/rannarootsikeskus.ee\/ru\/\"},{\"@type\":\"ListItem\",\"position\":2,\"name\":\"\u041c\u0430\u0433\u0430\u0437\u0438\u043d\u044b\"}]},{\"@type\":\"WebSite\",\"@id\":\"https:\/\/rannarootsikeskus.ee\/#website\",\"url\":\"https:\/\/rannarootsikeskus.ee\/\",\"name\":\"Rannarootsi Keskus\",\"description\":\"Rannarootsi Keskus\",\"publisher\":{\"@id\":\"https:\/\/rannarootsikeskus.ee\/#organization\"},\"potentialAction\":[{\"@type\":\"SearchAction\",\"target\":{\"@type\":\"EntryPoint\",\"urlTemplate\":\"https:\/\/rannarootsikeskus.ee\/?s={search_term_string}\"},\"query-input\":{\"@type\":\"PropertyValueSpecification\",\"valueRequired\":true,\"valueName\":\"search_term_string\"}}],\"inLanguage\":\"ru-RU\"},{\"@type\":\"Organization\",\"@id\":\"https:\/\/rannarootsikeskus.ee\/#organization\",\"name\":\"Rannarootsi Keskus\",\"url\":\"https:\/\/rannarootsikeskus.ee\/\",\"logo\":{\"@type\":\"ImageObject\",\"inLanguage\":\"ru-RU\",\"@id\":\"https:\/\/rannarootsikeskus.ee\/#\/schema\/logo\/image\/\",\"url\":\"https:\/\/rannarootsikeskus.ee\/wp-content\/uploads\/2014\/07\/Rannarootsi_kompaktlogo_RGB_300dpi.jpg\",\"contentUrl\":\"https:\/\/rannarootsikeskus.ee\/wp-content\/uploads\/2014\/07\/Rannarootsi_kompaktlogo_RGB_300dpi.jpg\",\"width\":1063,\"height\":472,\"caption\":\"Rannarootsi Keskus\"},\"image\":{\"@id\":\"https:\/\/rannarootsikeskus.ee\/#\/schema\/logo\/image\/\"},\"sameAs\":[\"https:\/\/www.facebook.com\/Rannarootsi\"]}]}<\/script>\n<!-- \/ Yoast SEO plugin. -->","yoast_head_json":{"title":"L\u00e4\u00e4nemaalaste m\u00f5nusaim kohtumispaik | Rannarootsi Keskus","description":"Rannarootsi keskus asub Haapsalu linna piiril Uuem\u00f5isas, Tallinna mnt. \u00e4\u00e4res. S\u00fcdalinnast vaid 20-minutilise jalutusk\u00e4igu kaugusel.","robots":{"index":"index","follow":"follow","max-snippet":"max-snippet:-1","max-image-preview":"max-image-preview:large","max-video-preview":"max-video-preview:-1"},"canonical":"https:\/\/rannarootsikeskus.ee\/ru\/kauplused\/","og_locale":"ru_RU","og_type":"article","og_title":"L\u00e4\u00e4nemaalaste m\u00f5nusaim kohtumispaik | Rannarootsi Keskus","og_description":"Rannarootsi keskus asub Haapsalu linna piiril Uuem\u00f5isas, Tallinna mnt. \u00e4\u00e4res. S\u00fcdalinnast vaid 20-minutilise jalutusk\u00e4igu kaugusel.","og_url":"https:\/\/rannarootsikeskus.ee\/ru\/kauplused\/","og_site_name":"Rannarootsi Keskus","article_publisher":"https:\/\/www.facebook.com\/Rannarootsi","article_modified_time":"2026-01-16T16:55:14+00:00","og_image":[{"width":1200,"height":450,"url":"https:\/\/rannarootsikeskus.ee\/wp-content\/uploads\/2018\/04\/kauplused-headerrannarootsi.jpg","type":"image\/jpeg"}],"twitter_card":"summary_large_image","twitter_misc":{"Est. reading time":"1 \u043c\u0438\u043d\u0443\u0442\u0430"},"schema":{"@context":"https:\/\/schema.org","@graph":[{"@type":"WebPage","@id":"https:\/\/rannarootsikeskus.ee\/ru\/kauplused\/","url":"https:\/\/rannarootsikeskus.ee\/ru\/kauplused\/","name":"L\u00e4\u00e4nemaalaste m\u00f5nusaim kohtumispaik | Rannarootsi Keskus","isPartOf":{"@id":"https:\/\/rannarootsikeskus.ee\/#website"},"primaryImageOfPage":{"@id":"https:\/\/rannarootsikeskus.ee\/ru\/kauplused\/#primaryimage"},"image":{"@id":"https:\/\/rannarootsikeskus.ee\/ru\/kauplused\/#primaryimage"},"thumbnailUrl":"https:\/\/rannarootsikeskus.ee\/wp-content\/uploads\/2018\/04\/kauplused-headerrannarootsi.jpg","datePublished":"2018-01-12T12:10:32+00:00","dateModified":"2026-01-16T16:55:14+00:00","description":"Rannarootsi keskus asub Haapsalu linna piiril Uuem\u00f5isas, Tallinna mnt. \u00e4\u00e4res. S\u00fcdalinnast vaid 20-minutilise jalutusk\u00e4igu kaugusel.","breadcrumb":{"@id":"https:\/\/rannarootsikeskus.ee\/ru\/kauplused\/#breadcrumb"},"inLanguage":"ru-RU","potentialAction":[{"@type":"ReadAction","target":["https:\/\/rannarootsikeskus.ee\/ru\/kauplused\/"]}]},{"@type":"ImageObject","inLanguage":"ru-RU","@id":"https:\/\/rannarootsikeskus.ee\/ru\/kauplused\/#primaryimage","url":"https:\/\/rannarootsikeskus.ee\/wp-content\/uploads\/2018\/04\/kauplused-headerrannarootsi.jpg","contentUrl":"https:\/\/rannarootsikeskus.ee\/wp-content\/uploads\/2018\/04\/kauplused-headerrannarootsi.jpg","width":1200,"height":450},{"@type":"BreadcrumbList","@id":"https:\/\/rannarootsikeskus.ee\/ru\/kauplused\/#breadcrumb","itemListElement":[{"@type":"ListItem","position":1,"name":"Avaleht","item":"https:\/\/rannarootsikeskus.ee\/ru\/"},{"@type":"ListItem","position":2,"name":"\u041c\u0430\u0433\u0430\u0437\u0438\u043d\u044b"}]},{"@type":"WebSite","@id":"https:\/\/rannarootsikeskus.ee\/#website","url":"https:\/\/rannarootsikeskus.ee\/","name":"Rannarootsi Keskus","description":"Rannarootsi Keskus","publisher":{"@id":"https:\/\/rannarootsikeskus.ee\/#organization"},"potentialAction":[{"@type":"SearchAction","target":{"@type":"EntryPoint","urlTemplate":"https:\/\/rannarootsikeskus.ee\/?s={search_term_string}"},"query-input":{"@type":"PropertyValueSpecification","valueRequired":true,"valueName":"search_term_string"}}],"inLanguage":"ru-RU"},{"@type":"Organization","@id":"https:\/\/rannarootsikeskus.ee\/#organization","name":"Rannarootsi Keskus","url":"https:\/\/rannarootsikeskus.ee\/","logo":{"@type":"ImageObject","inLanguage":"ru-RU","@id":"https:\/\/rannarootsikeskus.ee\/#\/schema\/logo\/image\/","url":"https:\/\/rannarootsikeskus.ee\/wp-content\/uploads\/2014\/07\/Rannarootsi_kompaktlogo_RGB_300dpi.jpg","contentUrl":"https:\/\/rannarootsikeskus.ee\/wp-content\/uploads\/2014\/07\/Rannarootsi_kompaktlogo_RGB_300dpi.jpg","width":1063,"height":472,"caption":"Rannarootsi Keskus"},"image":{"@id":"https:\/\/rannarootsikeskus.ee\/#\/schema\/logo\/image\/"},"sameAs":["https:\/\/www.facebook.com\/Rannarootsi"]}]}},"_links":{"self":[{"href":"https:\/\/rannarootsikeskus.ee\/ru\/wp-json\/wp\/v2\/pages\/7435","targetHints":{"allow":["GET"]}}],"collection":[{"href":"https:\/\/rannarootsikeskus.ee\/ru\/wp-json\/wp\/v2\/pages"}],"about":[{"href":"https:\/\/rannarootsikeskus.ee\/ru\/wp-json\/wp\/v2\/types\/page"}],"author":[{"embeddable":true,"href":"https:\/\/rannarootsikeskus.ee\/ru\/wp-json\/wp\/v2\/users\/1"}],"replies":[{"embeddable":true,"href":"https:\/\/rannarootsikeskus.ee\/ru\/wp-json\/wp\/v2\/comments?post=7435"}],"version-history":[{"count":6,"href":"https:\/\/rannarootsikeskus.ee\/ru\/wp-json\/wp\/v2\/pages\/7435\/revisions"}],"predecessor-version":[{"id":14523,"href":"https:\/\/rannarootsikeskus.ee\/ru\/wp-json\/wp\/v2\/pages\/7435\/revisions\/14523"}],"wp:featuredmedia":[{"embeddable":true,"href":"https:\/\/rannarootsikeskus.ee\/ru\/wp-json\/wp\/v2\/media\/7437"}],"wp:attachment":[{"href":"https:\/\/rannarootsikeskus.ee\/ru\/wp-json\/wp\/v2\/media?parent=7435"}],"curies":[{"name":"wp","href":"https:\/\/api.w.org\/{rel}","templated":true}]}}