{"id":7994,"date":"2018-01-12T12:10:56","date_gmt":"2018-01-12T12:10:56","guid":{"rendered":"https:\/\/rannarootsikeskus.ee\/uritused\/"},"modified":"2020-02-19T13:21:46","modified_gmt":"2020-02-19T13:21:46","slug":"uritused","status":"publish","type":"page","link":"https:\/\/rannarootsikeskus.ee\/ru\/uritused\/","title":{"rendered":"\u041c\u0435\u0440\u043e\u043f\u0440\u0438\u044f\u0442\u0438\u044f"},"content":{"rendered":"","protected":false},"excerpt":{"rendered":"","protected":false},"author":1,"featured_media":7580,"parent":0,"menu_order":0,"comment_status":"closed","ping_status":"closed","template":"uritused.php","meta":{"_acf_changed":false,"ngg_post_thumbnail":0,"footnotes":""},"class_list":["post-7994","page","type-page","status-publish","has-post-thumbnail","hentry"],"acf":[],"yoast_head":"<!-- This site is optimized with the Yoast SEO plugin v26.7 - https:\/\/yoast.com\/wordpress\/plugins\/seo\/ -->\n<title>L\u00e4\u00e4nemaalaste m\u00f5nusaim kohtumispaik | Rannarootsi Keskus<\/title>\n<meta name=\"description\" content=\"Rannarootsi keskus asub Haapsalu linna piiril Uuem\u00f5isas, Tallinna mnt. \u00e4\u00e4res. S\u00fcdalinnast vaid 20-minutilise jalutusk\u00e4igu kaugusel.\" \/>\n<meta name=\"robots\" content=\"index, follow, max-snippet:-1, max-image-preview:large, max-video-preview:-1\" \/>\n<link rel=\"canonical\" href=\"https:\/\/rannarootsikeskus.ee\/ru\/uritused\/\" \/>\n<meta property=\"og:locale\" content=\"ru_RU\" \/>\n<meta property=\"og:type\" content=\"article\" \/>\n<meta property=\"og:title\" content=\"L\u00e4\u00e4nemaalaste m\u00f5nusaim kohtumispaik | Rannarootsi Keskus\" \/>\n<meta property=\"og:description\" content=\"Rannarootsi keskus asub Haapsalu linna piiril Uuem\u00f5isas, Tallinna mnt. \u00e4\u00e4res. S\u00fcdalinnast vaid 20-minutilise jalutusk\u00e4igu kaugusel.\" \/>\n<meta property=\"og:url\" content=\"https:\/\/rannarootsikeskus.ee\/ru\/uritused\/\" \/>\n<meta property=\"og:site_name\" content=\"Rannarootsi Keskus\" \/>\n<meta property=\"article:publisher\" content=\"https:\/\/www.facebook.com\/Rannarootsi\" \/>\n<meta property=\"article:modified_time\" content=\"2020-02-19T13:21:46+00:00\" \/>\n<meta property=\"og:image\" content=\"https:\/\/rannarootsikeskus.ee\/wp-content\/uploads\/2018\/03\/yritused-1.jpg\" \/>\n\t<meta property=\"og:image:width\" content=\"1200\" \/>\n\t<meta property=\"og:image:height\" content=\"600\" \/>\n\t<meta property=\"og:image:type\" content=\"image\/jpeg\" \/>\n<meta name=\"twitter:card\" content=\"summary_large_image\" \/>\n<script type=\"application\/ld+json\" class=\"yoast-schema-graph\">{\"@context\":\"https:\/\/schema.org\",\"@graph\":[{\"@type\":\"WebPage\",\"@id\":\"https:\/\/rannarootsikeskus.ee\/ru\/uritused\/\",\"url\":\"https:\/\/rannarootsikeskus.ee\/ru\/uritused\/\",\"name\":\"L\u00e4\u00e4nemaalaste m\u00f5nusaim kohtumispaik | Rannarootsi Keskus\",\"isPartOf\":{\"@id\":\"https:\/\/rannarootsikeskus.ee\/#website\"},\"primaryImageOfPage\":{\"@id\":\"https:\/\/rannarootsikeskus.ee\/ru\/uritused\/#primaryimage\"},\"image\":{\"@id\":\"https:\/\/rannarootsikeskus.ee\/ru\/uritused\/#primaryimage\"},\"thumbnailUrl\":\"https:\/\/rannarootsikeskus.ee\/wp-content\/uploads\/2018\/03\/yritused-1.jpg\",\"datePublished\":\"2018-01-12T12:10:56+00:00\",\"dateModified\":\"2020-02-19T13:21:46+00:00\",\"description\":\"Rannarootsi keskus asub Haapsalu linna piiril Uuem\u00f5isas, Tallinna mnt. \u00e4\u00e4res. S\u00fcdalinnast vaid 20-minutilise jalutusk\u00e4igu kaugusel.\",\"breadcrumb\":{\"@id\":\"https:\/\/rannarootsikeskus.ee\/ru\/uritused\/#breadcrumb\"},\"inLanguage\":\"ru-RU\",\"potentialAction\":[{\"@type\":\"ReadAction\",\"target\":[\"https:\/\/rannarootsikeskus.ee\/ru\/uritused\/\"]}]},{\"@type\":\"ImageObject\",\"inLanguage\":\"ru-RU\",\"@id\":\"https:\/\/rannarootsikeskus.ee\/ru\/uritused\/#primaryimage\",\"url\":\"https:\/\/rannarootsikeskus.ee\/wp-content\/uploads\/2018\/03\/yritused-1.jpg\",\"contentUrl\":\"https:\/\/rannarootsikeskus.ee\/wp-content\/uploads\/2018\/03\/yritused-1.jpg\",\"width\":1200,\"height\":600},{\"@type\":\"BreadcrumbList\",\"@id\":\"https:\/\/rannarootsikeskus.ee\/ru\/uritused\/#breadcrumb\",\"itemListElement\":[{\"@type\":\"ListItem\",\"position\":1,\"name\":\"Avaleht\",\"item\":\"https:\/\/rannarootsikeskus.ee\/ru\/\"},{\"@type\":\"ListItem\",\"position\":2,\"name\":\"\u041c\u0435\u0440\u043e\u043f\u0440\u0438\u044f\u0442\u0438\u044f\"}]},{\"@type\":\"WebSite\",\"@id\":\"https:\/\/rannarootsikeskus.ee\/#website\",\"url\":\"https:\/\/rannarootsikeskus.ee\/\",\"name\":\"Rannarootsi Keskus\",\"description\":\"Rannarootsi Keskus\",\"publisher\":{\"@id\":\"https:\/\/rannarootsikeskus.ee\/#organization\"},\"potentialAction\":[{\"@type\":\"SearchAction\",\"target\":{\"@type\":\"EntryPoint\",\"urlTemplate\":\"https:\/\/rannarootsikeskus.ee\/?s={search_term_string}\"},\"query-input\":{\"@type\":\"PropertyValueSpecification\",\"valueRequired\":true,\"valueName\":\"search_term_string\"}}],\"inLanguage\":\"ru-RU\"},{\"@type\":\"Organization\",\"@id\":\"https:\/\/rannarootsikeskus.ee\/#organization\",\"name\":\"Rannarootsi Keskus\",\"url\":\"https:\/\/rannarootsikeskus.ee\/\",\"logo\":{\"@type\":\"ImageObject\",\"inLanguage\":\"ru-RU\",\"@id\":\"https:\/\/rannarootsikeskus.ee\/#\/schema\/logo\/image\/\",\"url\":\"https:\/\/rannarootsikeskus.ee\/wp-content\/uploads\/2014\/07\/Rannarootsi_kompaktlogo_RGB_300dpi.jpg\",\"contentUrl\":\"https:\/\/rannarootsikeskus.ee\/wp-content\/uploads\/2014\/07\/Rannarootsi_kompaktlogo_RGB_300dpi.jpg\",\"width\":1063,\"height\":472,\"caption\":\"Rannarootsi Keskus\"},\"image\":{\"@id\":\"https:\/\/rannarootsikeskus.ee\/#\/schema\/logo\/image\/\"},\"sameAs\":[\"https:\/\/www.facebook.com\/Rannarootsi\"]}]}<\/script>\n<!-- \/ Yoast SEO plugin. -->","yoast_head_json":{"title":"L\u00e4\u00e4nemaalaste m\u00f5nusaim kohtumispaik | Rannarootsi Keskus","description":"Rannarootsi keskus asub Haapsalu linna piiril Uuem\u00f5isas, Tallinna mnt. \u00e4\u00e4res. S\u00fcdalinnast vaid 20-minutilise jalutusk\u00e4igu kaugusel.","robots":{"index":"index","follow":"follow","max-snippet":"max-snippet:-1","max-image-preview":"max-image-preview:large","max-video-preview":"max-video-preview:-1"},"canonical":"https:\/\/rannarootsikeskus.ee\/ru\/uritused\/","og_locale":"ru_RU","og_type":"article","og_title":"L\u00e4\u00e4nemaalaste m\u00f5nusaim kohtumispaik | Rannarootsi Keskus","og_description":"Rannarootsi keskus asub Haapsalu linna piiril Uuem\u00f5isas, Tallinna mnt. \u00e4\u00e4res. S\u00fcdalinnast vaid 20-minutilise jalutusk\u00e4igu kaugusel.","og_url":"https:\/\/rannarootsikeskus.ee\/ru\/uritused\/","og_site_name":"Rannarootsi Keskus","article_publisher":"https:\/\/www.facebook.com\/Rannarootsi","article_modified_time":"2020-02-19T13:21:46+00:00","og_image":[{"width":1200,"height":600,"url":"https:\/\/rannarootsikeskus.ee\/wp-content\/uploads\/2018\/03\/yritused-1.jpg","type":"image\/jpeg"}],"twitter_card":"summary_large_image","schema":{"@context":"https:\/\/schema.org","@graph":[{"@type":"WebPage","@id":"https:\/\/rannarootsikeskus.ee\/ru\/uritused\/","url":"https:\/\/rannarootsikeskus.ee\/ru\/uritused\/","name":"L\u00e4\u00e4nemaalaste m\u00f5nusaim kohtumispaik | Rannarootsi Keskus","isPartOf":{"@id":"https:\/\/rannarootsikeskus.ee\/#website"},"primaryImageOfPage":{"@id":"https:\/\/rannarootsikeskus.ee\/ru\/uritused\/#primaryimage"},"image":{"@id":"https:\/\/rannarootsikeskus.ee\/ru\/uritused\/#primaryimage"},"thumbnailUrl":"https:\/\/rannarootsikeskus.ee\/wp-content\/uploads\/2018\/03\/yritused-1.jpg","datePublished":"2018-01-12T12:10:56+00:00","dateModified":"2020-02-19T13:21:46+00:00","description":"Rannarootsi keskus asub Haapsalu linna piiril Uuem\u00f5isas, Tallinna mnt. \u00e4\u00e4res. S\u00fcdalinnast vaid 20-minutilise jalutusk\u00e4igu kaugusel.","breadcrumb":{"@id":"https:\/\/rannarootsikeskus.ee\/ru\/uritused\/#breadcrumb"},"inLanguage":"ru-RU","potentialAction":[{"@type":"ReadAction","target":["https:\/\/rannarootsikeskus.ee\/ru\/uritused\/"]}]},{"@type":"ImageObject","inLanguage":"ru-RU","@id":"https:\/\/rannarootsikeskus.ee\/ru\/uritused\/#primaryimage","url":"https:\/\/rannarootsikeskus.ee\/wp-content\/uploads\/2018\/03\/yritused-1.jpg","contentUrl":"https:\/\/rannarootsikeskus.ee\/wp-content\/uploads\/2018\/03\/yritused-1.jpg","width":1200,"height":600},{"@type":"BreadcrumbList","@id":"https:\/\/rannarootsikeskus.ee\/ru\/uritused\/#breadcrumb","itemListElement":[{"@type":"ListItem","position":1,"name":"Avaleht","item":"https:\/\/rannarootsikeskus.ee\/ru\/"},{"@type":"ListItem","position":2,"name":"\u041c\u0435\u0440\u043e\u043f\u0440\u0438\u044f\u0442\u0438\u044f"}]},{"@type":"WebSite","@id":"https:\/\/rannarootsikeskus.ee\/#website","url":"https:\/\/rannarootsikeskus.ee\/","name":"Rannarootsi Keskus","description":"Rannarootsi Keskus","publisher":{"@id":"https:\/\/rannarootsikeskus.ee\/#organization"},"potentialAction":[{"@type":"SearchAction","target":{"@type":"EntryPoint","urlTemplate":"https:\/\/rannarootsikeskus.ee\/?s={search_term_string}"},"query-input":{"@type":"PropertyValueSpecification","valueRequired":true,"valueName":"search_term_string"}}],"inLanguage":"ru-RU"},{"@type":"Organization","@id":"https:\/\/rannarootsikeskus.ee\/#organization","name":"Rannarootsi Keskus","url":"https:\/\/rannarootsikeskus.ee\/","logo":{"@type":"ImageObject","inLanguage":"ru-RU","@id":"https:\/\/rannarootsikeskus.ee\/#\/schema\/logo\/image\/","url":"https:\/\/rannarootsikeskus.ee\/wp-content\/uploads\/2014\/07\/Rannarootsi_kompaktlogo_RGB_300dpi.jpg","contentUrl":"https:\/\/rannarootsikeskus.ee\/wp-content\/uploads\/2014\/07\/Rannarootsi_kompaktlogo_RGB_300dpi.jpg","width":1063,"height":472,"caption":"Rannarootsi Keskus"},"image":{"@id":"https:\/\/rannarootsikeskus.ee\/#\/schema\/logo\/image\/"},"sameAs":["https:\/\/www.facebook.com\/Rannarootsi"]}]}},"_links":{"self":[{"href":"https:\/\/rannarootsikeskus.ee\/ru\/wp-json\/wp\/v2\/pages\/7994","targetHints":{"allow":["GET"]}}],"collection":[{"href":"https:\/\/rannarootsikeskus.ee\/ru\/wp-json\/wp\/v2\/pages"}],"about":[{"href":"https:\/\/rannarootsikeskus.ee\/ru\/wp-json\/wp\/v2\/types\/page"}],"author":[{"embeddable":true,"href":"https:\/\/rannarootsikeskus.ee\/ru\/wp-json\/wp\/v2\/users\/1"}],"replies":[{"embeddable":true,"href":"https:\/\/rannarootsikeskus.ee\/ru\/wp-json\/wp\/v2\/comments?post=7994"}],"version-history":[{"count":1,"href":"https:\/\/rannarootsikeskus.ee\/ru\/wp-json\/wp\/v2\/pages\/7994\/revisions"}],"predecessor-version":[{"id":8026,"href":"https:\/\/rannarootsikeskus.ee\/ru\/wp-json\/wp\/v2\/pages\/7994\/revisions\/8026"}],"wp:featuredmedia":[{"embeddable":true,"href":"https:\/\/rannarootsikeskus.ee\/ru\/wp-json\/wp\/v2\/media\/7580"}],"wp:attachment":[{"href":"https:\/\/rannarootsikeskus.ee\/ru\/wp-json\/wp\/v2\/media?parent=7994"}],"curies":[{"name":"wp","href":"https:\/\/api.w.org\/{rel}","templated":true}]}}